{"id":9,"date":"2023-04-27T16:32:30","date_gmt":"2023-04-27T15:32:30","guid":{"rendered":"https:\/\/firebeer.online\/?page_id=9"},"modified":"2023-05-09T23:57:10","modified_gmt":"2023-05-10T03:57:10","slug":"menu","status":"publish","type":"page","link":"https:\/\/firebeer.online\/en_gb\/menu\/","title":{"rendered":"Menu"},"content":{"rendered":"<div>Here is our menu. If you&#8217;d like to have a more visual verion, click <a href=\"http:\/\/firebeer.online\/wp-content\/uploads\/2023\/04\/parkerm_firebeernmenu2sidewebpdf.pdf\">here<\/a>. QR codes are also available at the restaurant in case our limited supply of menus is already being used by other patrons. We want to reduce the amount of paper we use, that&#8217;s why there are so few menus.<\/div>\n<h2>MENU FRANCAIS<\/h2>\n<div class=\"firebeerbarmenu\">\n<div>\n<h2>Bi\u00e8re &#8211; Cannette\/Bouteille<\/h2>\n<p>Bud Light &#8211; 8 \/ 13<br \/>\nHeineken &#8211; 9 \/ 14<br \/>\nBlue Moon &#8211; 8.50 \/ 13.50<br \/>\nGuiness &#8211; 10 \/ 15<br \/>\nBL Pomme \/ Citron Vert &#8211; 9 \/ 14<br \/>\nMolson Export Ale &#8211; 8.75 \/ 13.75<br \/>\nAlexander Keith Ale &#8211; 9.50 \/ 14.50<\/p>\n<\/div>\n<div>\n<h2>Dur &#8211; Tir\/Bouteille<\/h2>\n<p>Absolut &#8211; 10 \/ 41<br \/>\nJack Daniels &#8211; 9.50 \/ 48<br \/>\nE&amp;J Brandy &#8211; 9 \/ 45<br \/>\nTanqueray &#8211; 10 \/ 39<br \/>\nSierra Teq &#8211; 9 \/ 44<br \/>\nBacardi &#8211; 10 \/ 48<br \/>\nSmirnoff &#8211; 11 \/ 50<\/p>\n<\/div>\n<div>\n<h2>Cocktails<\/h2>\n<p>Screwdriver &#8211; 12<br \/>\nAlgonquin &#8211; 14<br \/>\nChimayo &#8211; 15<br \/>\nBismarck &#8211; 17<br \/>\nGluhwein &#8211; 20<br \/>\nRhum chaud beurre &#8211; 23<br \/>\n50\/50 &#8211; 16<\/p>\n<\/div>\n<div>\n<h2>Desserts du mois<\/h2>\n<p>Gateau Chocolat &#8211; 18<br \/>\nCreme D\u2019alcool &#8211; 16<br \/>\nFraise Chocolat &#8211; 20<br \/>\nBanane D\u2019alcool &#8211; 21<\/p>\n<\/div>\n<div>\n<h2>Collations<\/h2>\n<p>Ma\u00efs Souffl\u00e9 &#8211; 10<br \/>\nChocolat &#8211; 8<br \/>\nFrites &#8211; 11<br \/>\nNoix &#8211; 9<br \/>\nCroustilles &#8211; 12<br \/>\nBretzels &#8211; 14<br \/>\nFruits &#8211; 8<\/p>\n<\/div>\n<div>\n<h3>Collations Mensuelles<\/h3>\n<p>Ma\u00efs Souffl\u00e9 Caram\u00e9lis\u00e9 &#8211; 12<br \/>\nSandwich D\u2019arachide &#8211; 20<br \/>\nChocolat D\u2019alcool &#8211; 11<br \/>\nSteak Frites &#8211; 13<\/p>\n<\/div>\n<div>\n<h2>Sans Alcool &#8211; P \/ M \/ G<\/h2>\n<p>Lait &#8211; 8 \/ 13 \/ 19<br \/>\nLait Fraise &#8211; 9 \/ 14 \/ 20<br \/>\nJus &#8211; 7 \/ 12 \/ 18<br \/>\nLait Frapp\u00e9 &#8211; 10 \/ 15 \/ 21<br \/>\nEau &#8211; 6 \/ 11 \/ 17<br \/>\nBoisson Gazeuse &#8211; 9.50 \/ 14.50 \/ 20.50<br \/>\nJus L\u00e9gumes &#8211; 6.75 \/ 11.75 \/ 17.75<br \/>\nCaf\u00e9 &#8211; 7.70 \/ 12.70 \/ 18.70<\/p>\n<\/div>\n<div>\n<h3>Boissons Mensuelles<\/h3>\n<p>Smoothie Alcoolis\u00e9 &#8211; 14<br \/>\nM\u00e9lange de Soda &#8211; 17<br \/>\nBi\u00e8re Fondue &#8211; 20<br \/>\nChocolat Chaud &#8211; 16<\/p>\n<\/div>\n<div>\n<h2>Ap\u00e9ritifs mensuels<\/h2>\n<p>Nachos au Fromage &#8211; 19<br \/>\nPoutine &#8211; 20<br \/>\nAiles Poulet &#8211; 22<br \/>\nPoisson et Frites &#8211; 21<\/p>\n<\/div>\n<\/div>\n<h2>ENGLISH MENU<\/h2>\n<div class=\"firebeerbarmenu\">\n<div>\n<h2>Beer &#8211; Can\/Bottle<\/h2>\n<p>Bud Light &#8211; 8 \/ 13<br \/>\nHeineken &#8211; 9 \/ 14<br \/>\nBlue Moon &#8211; 8.50 \/ 13.50<br \/>\nGuiness &#8211; 10 \/ 15<br \/>\nBL Apple \/ Lime &#8211; 9 \/ 14<br \/>\nMolson Export Ale &#8211; 8.75 \/ 13.75<br \/>\nAlexander Keith Ale &#8211; 9.50 \/ 14.50<\/p>\n<\/div>\n<div>\n<h2>Hard &#8211; Shot\/Bottle<\/h2>\n<p>Absolut &#8211; 10 \/ 41<br \/>\nJack Daniels &#8211; 9.50 \/ 48<br \/>\nE&amp;J Brandy &#8211; 9 \/ 45<br \/>\nTanqueray &#8211; 10 \/ 39<br \/>\nSierra Teq &#8211; 9 \/ 44<br \/>\nBacardi &#8211; 10 \/ 48<br \/>\nSmirnoff &#8211; 11 \/ 50<\/p>\n<\/div>\n<div>\n<h2>Cocktails<\/h2>\n<p>Screwdriver &#8211; 12<br \/>\nAlgonquin &#8211; 14<br \/>\nChimayo &#8211; 15<br \/>\nBismarck &#8211; 17<br \/>\nGluhwein &#8211; 20<br \/>\nHot Butter Rum &#8211; 23<br \/>\n50\/50 &#8211; 16<\/p>\n<\/div>\n<div>\n<h2>Desserts of The Month<\/h2>\n<p>Chocolate Cake &#8211; 18<br \/>\nAlcoholic Ice Cream &#8211; 16<br \/>\nChocolate Strawberry &#8211; 20<br \/>\nAlcoholic Banana &#8211; 21<\/p>\n<\/div>\n<div>\n<h2>Snacks<\/h2>\n<p>Popcorn &#8211; 10<br \/>\nChocolate &#8211; 8<br \/>\nFries &#8211; 11<br \/>\nNuts &#8211; 9<br \/>\nChips &#8211; 12<br \/>\nPretzels &#8211; 14<br \/>\nFruits &#8211; 8<\/p>\n<\/div>\n<div>\n<h3>Monthly Snacks<\/h3>\n<p>Caramelized Popcorn &#8211; 12<br \/>\nPeanut Butter Sandwich &#8211; 20<br \/>\nAlcoholic Chocolate &#8211; 11<br \/>\nSteak Fries &#8211; 13<\/p>\n<\/div>\n<div>\n<h2>Non Alcoholic &#8211; S \/ M \/ L<\/h2>\n<p>Milk &#8211; 8 \/ 13 \/ 19<br \/>\nStrawberry Milk &#8211; 9 \/ 14 \/ 20<br \/>\nJuice &#8211; 7 \/ 12 \/ 18<br \/>\nMilkshake &#8211; 10 \/ 15 \/ 21<br \/>\nWater &#8211; 6 \/ 11 \/ 17<br \/>\nSoda &#8211; 9.50 \/ 14.50 \/ 20.50<br \/>\nVegetable Juice &#8211; 6.75 \/ 11.75 \/ 17.75<br \/>\nCoffee &#8211; 7.70 \/ 12.70 \/ 18.70<\/p>\n<\/div>\n<div>\n<h3>Monthly Drinks<\/h3>\n<p>Alcoholic Smoothie &#8211; 14<br \/>\nSoda Spritzer &#8211; 17<br \/>\nMolten Beer &#8211; 20<br \/>\nHot Chocolate &#8211; 16<\/p>\n<\/div>\n<div>\n<h2>Monthly Appetizers<\/h2>\n<p>Nachos with Cheese &#8211; 19<br \/>\nPoutine &#8211; 20<br \/>\nChicken Wings &#8211; 22<br \/>\nFish and Fries &#8211; 21<\/p>\n<\/div>\n<\/div>\n","protected":false},"excerpt":{"rendered":"<p>Here is our menu. If you&#8217;d like to have a more visual verion, click here. QR codes are also available at the restaurant in case our limited supply of menus is already being used by other patrons. We want to reduce the amount of paper we use, that&#8217;s why there are so few menus. MENU [&hellip;]<\/p>\n","protected":false},"author":1,"featured_media":0,"parent":0,"menu_order":0,"comment_status":"closed","ping_status":"closed","template":"","meta":[],"aioseo_notices":[],"_links":{"self":[{"href":"https:\/\/firebeer.online\/en_gb\/wp-json\/wp\/v2\/pages\/9"}],"collection":[{"href":"https:\/\/firebeer.online\/en_gb\/wp-json\/wp\/v2\/pages"}],"about":[{"href":"https:\/\/firebeer.online\/en_gb\/wp-json\/wp\/v2\/types\/page"}],"author":[{"embeddable":true,"href":"https:\/\/firebeer.online\/en_gb\/wp-json\/wp\/v2\/users\/1"}],"replies":[{"embeddable":true,"href":"https:\/\/firebeer.online\/en_gb\/wp-json\/wp\/v2\/comments?post=9"}],"version-history":[{"count":10,"href":"https:\/\/firebeer.online\/en_gb\/wp-json\/wp\/v2\/pages\/9\/revisions"}],"predecessor-version":[{"id":56,"href":"https:\/\/firebeer.online\/en_gb\/wp-json\/wp\/v2\/pages\/9\/revisions\/56"}],"wp:attachment":[{"href":"https:\/\/firebeer.online\/en_gb\/wp-json\/wp\/v2\/media?parent=9"}],"curies":[{"name":"wp","href":"https:\/\/api.w.org\/{rel}","templated":true}]}}