{"id":7,"date":"2023-04-27T16:16:30","date_gmt":"2023-04-27T15:16:30","guid":{"rendered":"https:\/\/firebeer.online\/?page_id=7"},"modified":"2023-05-10T10:26:38","modified_gmt":"2023-05-10T14:26:38","slug":"home","status":"publish","type":"page","link":"https:\/\/firebeer.online\/fr\/","title":{"rendered":"La maison"},"content":{"rendered":"<div class=\"twogridder\">\n<div>\n<h2>Bienvenue \u00e0 FireBeer<\/h2>\n<\/div>\n<div>\n<img decoding=\"async\" loading=\"lazy\" src=\"http:\/\/firebeer.online\/wp-content\/uploads\/2023\/05\/parkerm_firebeermagazinead_Beer-02.svg\" alt=\"An image of a 3D rendered beer can with FireBeer branding and shading.\" width=\"197\" height=\"442\" class=\"alignnone size-full wp-image-57\"  role=\"img\" \/>\n<\/div>\n<\/div>\n<div class=\"twogridder\">\n<div>\nChez FireBeer, nous voulons cr\u00e9er un environnement qui accueille nos clients avec des boissons et des collations. Envie de frites pour accompagner votre Bud Light ? Vous pouvez l'avoir.<br \/>\n<br \/>\nPromenez-vous sur les beaux parquets en ch\u00eane, asseyez-vous dans un si\u00e8ge qui fait le tour d'une table et commandez l'un de nos cocktails raffin\u00e9s accompagn\u00e9 de quelques cacahu\u00e8tes. Amenez peut-\u00eatre quelques amis pour rendre votre exp\u00e9rience encore meilleure, partagez aussi quelques verres avec eux ! Assurez-vous simplement de respecter les r\u00e8gles de l'\u00e9tablissement.\n<\/div>\n<div>\n<img decoding=\"async\" loading=\"lazy\" src=\"http:\/\/firebeer.online\/wp-content\/uploads\/2023\/04\/parkerm_firebeerwebbeercan.svg\" alt=\"An svg of a beercan.\" width=\"300\" height=\"300\" class=\"alignnone size-medium wp-image-34\" role=\"img\"\/>\n<\/div>\n<\/div>\n<h2>Les r\u00e8gles<\/h2>\n<div class=\"darulesbook\">\n<div>\n<li>Pas de bagarre combat \u2013 Nous voulons un environnement propre, sans battre les uns les autres jusqu&#039;\u00e0 ce que des fragments de cr\u00e2ne couvrir le sol.<\/li>\n<\/div>\n<div>\n<li>G\u00e9n\u00e9ral de la d\u00e9cence lors de la saisie d&#039;un m\u00e9nage ou d&#039;un b\u00e2timent.<\/li>\n<\/div>\n<div>\n<li>Ne pas manger sur le sol. Il y a eu trop de sandwichs \u00e0 gauche sur elle au fil des ans.<\/li>\n<\/div>\n<div>\n<li>Pas de discussion de d\u00e9go\u00fbtant des sujets tels que mukbangs ou hyper pop culture.<\/li>\n<\/div>\n<div>\n<li>Ne pas recr\u00e9er des \u00e9v\u00e9nements \u00e0 partir des guerres ant\u00e9rieures, Nous ne voulons pas traiter avec un tas de cosplayers raids notre bar comme les plages de Normandie \u00e0 nouveau.<\/li>\n<\/div>\n<div>\n<li>Hors de toutes les r\u00e8gles, assurez-vous de suivre les lois de base<\/li>\n<\/div>\n<\/div>\n<h2>Notre Travail<\/h2>\n<div class=\"twogridder\">\n<div>\nNous nous effor\u00e7ons d&#039;offrir une exp\u00e9rience qui ne pas de nombreux bars, peuvent donner. Notre fondateur a vu que pas de nombreux bars a donn\u00e9 une grande vari\u00e9t\u00e9 de collations \u00e0 l&#039;\u00e9quilibrage de toutes ces 40% de volume d&#039;alcool de la vodka coups que vous avez \u00e9t\u00e9 en avalant. Ces collations que vous pouvez acheter peut varier de beurre couvert de ma\u00efs souffl\u00e9 \u00e0 sal\u00e9 bretzels. Nous avons m\u00eame mensuel des collations, des boissons et des amuse-gueule, alors assurez-vous de v\u00e9rifier ce que nous avons en stock.\n<\/div>\n<div>\n<img decoding=\"async\" loading=\"lazy\" src=\"http:\/\/firebeer.online\/wp-content\/uploads\/2023\/05\/ParkerM_FireBeerInfographicimage-663x1024.jpg\" alt=\"An infographic for FireBeer.\" width=\"580\" height=\"896\" class=\"alignnone size-large wp-image-63\" srcset=\"https:\/\/firebeer.online\/wp-content\/uploads\/2023\/05\/ParkerM_FireBeerInfographicimage-663x1024.jpg 663w, https:\/\/firebeer.online\/wp-content\/uploads\/2023\/05\/ParkerM_FireBeerInfographicimage-194x300.jpg 194w, https:\/\/firebeer.online\/wp-content\/uploads\/2023\/05\/ParkerM_FireBeerInfographicimage-768x1187.jpg 768w, https:\/\/firebeer.online\/wp-content\/uploads\/2023\/05\/ParkerM_FireBeerInfographicimage-8x12.jpg 8w, https:\/\/firebeer.online\/wp-content\/uploads\/2023\/05\/ParkerM_FireBeerInfographicimage.jpg 792w\" sizes=\"(max-width: 580px) 100vw, 580px\" \/>\n<\/div>\n<\/div>\n<h2>Menu accessibilit\u00e9<\/h2>\n<div class=\"twogridder\">\n<div>\nPour quiconque s&#039;interrogent sur les options d&#039;affichage pour le menu, nous avons un peu de moyens pour le regarder. Notre site dispose d&#039;une base de texte de la page qui affiche l&#039;ensemble de notre menu pour ceux qui veulent voir avant de venir dans notre bar. Il y a aussi une autre page qui abrite une visible version du menu de cas o\u00f9 les gens veulent le lire comme celles que nous avons sur nos tables. Sur le sujet de tables, nous avons un menu pour chacun d&#039;eux, le tout dans un spin-mesure titulaire de voir les deux c\u00f4t\u00e9s avec facilit\u00e9.<br \/>\n<br \/>\nSi vous souhaitez voir le menu, cliquez sur l&#039;image.\n<\/div>\n<div>\n<a href=\"https:\/\/firebeer.online\/fr\/menu\/\"><img decoding=\"async\" loading=\"lazy\" src=\"http:\/\/firebeer.online\/wp-content\/uploads\/2023\/05\/parkerm_firebeermagazineadjpeg-791x1024.jpg\" alt=\"An image that leads to the FireBeer menu page.\" width=\"580\" height=\"751\" class=\"alignnone size-large wp-image-62\" srcset=\"https:\/\/firebeer.online\/wp-content\/uploads\/2023\/05\/parkerm_firebeermagazineadjpeg-791x1024.jpg 791w, https:\/\/firebeer.online\/wp-content\/uploads\/2023\/05\/parkerm_firebeermagazineadjpeg-232x300.jpg 232w, https:\/\/firebeer.online\/wp-content\/uploads\/2023\/05\/parkerm_firebeermagazineadjpeg-768x994.jpg 768w, https:\/\/firebeer.online\/wp-content\/uploads\/2023\/05\/parkerm_firebeermagazineadjpeg-1187x1536.jpg 1187w, https:\/\/firebeer.online\/wp-content\/uploads\/2023\/05\/parkerm_firebeermagazineadjpeg-1582x2048.jpg 1582w, https:\/\/firebeer.online\/wp-content\/uploads\/2023\/05\/parkerm_firebeermagazineadjpeg-9x12.jpg 9w, https:\/\/firebeer.online\/wp-content\/uploads\/2023\/05\/parkerm_firebeermagazineadjpeg-1200x1553.jpg 1200w, https:\/\/firebeer.online\/wp-content\/uploads\/2023\/05\/parkerm_firebeermagazineadjpeg.jpg 1890w\" sizes=\"(max-width: 580px) 100vw, 580px\" \/>\n<\/div>\n<\/div>","protected":false},"excerpt":{"rendered":"<p>Welcome to FireBeer Here at FireBeer, we want to make an environment that accommodates our customers with both drinks and snacks. Want some fries to go as a side to your Bud Light? You can have it. Walk the fine oak floors, sit down in a seat that goes goes around a table, and order [&hellip;]<\/p>","protected":false},"author":1,"featured_media":0,"parent":0,"menu_order":0,"comment_status":"closed","ping_status":"closed","template":"","meta":[],"aioseo_notices":[],"_links":{"self":[{"href":"https:\/\/firebeer.online\/fr\/wp-json\/wp\/v2\/pages\/7"}],"collection":[{"href":"https:\/\/firebeer.online\/fr\/wp-json\/wp\/v2\/pages"}],"about":[{"href":"https:\/\/firebeer.online\/fr\/wp-json\/wp\/v2\/types\/page"}],"author":[{"embeddable":true,"href":"https:\/\/firebeer.online\/fr\/wp-json\/wp\/v2\/users\/1"}],"replies":[{"embeddable":true,"href":"https:\/\/firebeer.online\/fr\/wp-json\/wp\/v2\/comments?post=7"}],"version-history":[{"count":18,"href":"https:\/\/firebeer.online\/fr\/wp-json\/wp\/v2\/pages\/7\/revisions"}],"predecessor-version":[{"id":66,"href":"https:\/\/firebeer.online\/fr\/wp-json\/wp\/v2\/pages\/7\/revisions\/66"}],"wp:attachment":[{"href":"https:\/\/firebeer.online\/fr\/wp-json\/wp\/v2\/media?parent=7"}],"curies":[{"name":"wp","href":"https:\/\/api.w.org\/{rel}","templated":true}]}}